{"id":148,"date":"2023-09-04T15:24:41","date_gmt":"2023-09-04T13:24:41","guid":{"rendered":"https:\/\/wud.construction\/?page_id=148"},"modified":"2023-10-05T08:00:27","modified_gmt":"2023-10-05T06:00:27","slug":"terrasse-en-bois","status":"publish","type":"page","link":"https:\/\/wud.construction\/index.php\/terrasse-en-bois\/","title":{"rendered":"Terrasse en bois"},"content":{"rendered":"\n<p class=\"has-text-align-center\"><em>&#8220;Le paradis, c&#8217;est d&#8217;\u00eatre assis sur la terrasse un soir d&#8217;\u00e9t\u00e9 et d&#8217;\u00e9couter le silence.&#8221; <\/em><\/p>\n\n\n\n<p class=\"has-text-align-center\">-Alec Guiness<\/p>\n\n\n\n<p>Une des plus belles fa\u00e7on d&#8217;embellir une surface plane, est d&#8217;y fabriquer une terrasse en bois. Elle peut aussi \u00eatre imagin\u00e9e, pour combler un vide entre deux parties h\u00e9t\u00e9rog\u00e8nes d&#8217;un gros oeuvre, ou entre une piscine et sa maison.<\/p>\n\n\n\n<p>Elle peut \u00eatre con\u00e7ue en diff\u00e9rentes essences, qui ont chacune leur particularit\u00e9s. Les diff\u00e9rentes vari\u00e9t\u00e9s de bois donnent au client la possibilit\u00e9 d&#8217;adapter sa terrasse \u00e0 son budget mais aussi \u00e0 son environnement, et \u00e0 son utilit\u00e9. <\/p>\n\n\n\n<p class=\"has-text-align-center\"><div class=\"rl-gallery-container rl-loading\" id=\"rl-gallery-container-1\" data-gallery_id=\"202\"> <div class=\"rl-gallery rl-basicgrid-gallery \" id=\"rl-gallery-1\" data-gallery_no=\"1\"> <div class=\"rl-gallery-item\"><a href=\"https:\/\/wud.construction\/wp-content\/uploads\/2025\/01\/IMG_81781-1.jpg\" title=\"\" data-rl_title=\"\" class=\"rl-gallery-link\" data-rl_caption=\"\" data-rel=\"lightbox-gallery-1\"><img decoding=\"async\" src=\"https:\/\/wud.construction\/wp-content\/uploads\/2025\/01\/IMG_81781-1-768x576.jpg\" width=\"525\" height=\"394\" alt=\"Terrasse suspendue\" \/><\/a><\/div><div class=\"rl-gallery-item\"><a href=\"https:\/\/wud.construction\/wp-content\/uploads\/2023\/09\/20230427_165908.jpg\" title=\"\" data-rl_title=\"\" class=\"rl-gallery-link\" data-rl_caption=\"\" data-rel=\"lightbox-gallery-1\"><img decoding=\"async\" src=\"https:\/\/wud.construction\/wp-content\/uploads\/2023\/09\/20230427_165908-768x1027.jpg\" width=\"525\" height=\"702\" alt=\"Terrasse en bois\" \/><\/a><\/div><div class=\"rl-gallery-item\"><a href=\"https:\/\/wud.construction\/wp-content\/uploads\/2025\/07\/20250519_154405.jpg\" title=\"\" data-rl_title=\"\" class=\"rl-gallery-link\" data-rl_caption=\"\" data-rel=\"lightbox-gallery-1\"><img decoding=\"async\" src=\"https:\/\/wud.construction\/wp-content\/uploads\/2025\/07\/20250519_154405-768x1025.jpg\" width=\"525\" height=\"701\" alt=\"Passerelle en bois\" \/><\/a><\/div><div class=\"rl-gallery-item\"><a href=\"https:\/\/wud.construction\/wp-content\/uploads\/2025\/01\/20240514_145925-scaled.jpg\" title=\"\" data-rl_title=\"\" class=\"rl-gallery-link\" data-rl_caption=\"\" data-rel=\"lightbox-gallery-1\"><img decoding=\"async\" src=\"https:\/\/wud.construction\/wp-content\/uploads\/2025\/01\/20240514_145925-768x1024.jpg\" width=\"525\" height=\"700\" alt=\"Terrasse en bois\" \/><\/a><\/div><div class=\"rl-gallery-item\"><a href=\"https:\/\/wud.construction\/wp-content\/uploads\/2025\/01\/20240509_152533-scaled.jpg\" title=\"\" data-rl_title=\"\" class=\"rl-gallery-link\" data-rl_caption=\"\" data-rel=\"lightbox-gallery-1\"><img decoding=\"async\" src=\"https:\/\/wud.construction\/wp-content\/uploads\/2025\/01\/20240509_152533-768x1024.jpg\" width=\"525\" height=\"700\" alt=\"Charpente en bois\" \/><\/a><\/div><div class=\"rl-gallery-item\"><a href=\"https:\/\/wud.construction\/wp-content\/uploads\/2023\/09\/IMG_20240526_212712_427.jpg\" title=\"\" data-rl_title=\"\" class=\"rl-gallery-link\" data-rl_caption=\"\" data-rel=\"lightbox-gallery-1\"><img decoding=\"async\" src=\"https:\/\/wud.construction\/wp-content\/uploads\/2023\/09\/IMG_20240526_212712_427-768x768.jpg\" width=\"525\" height=\"525\" alt=\"Terrasse en bois\" \/><\/a><\/div><div class=\"rl-gallery-item\"><a href=\"https:\/\/wud.construction\/wp-content\/uploads\/2023\/09\/IMG_20240308_182528_926.jpg\" title=\"\" data-rl_title=\"\" class=\"rl-gallery-link\" data-rl_caption=\"\" data-rel=\"lightbox-gallery-1\"><img decoding=\"async\" src=\"https:\/\/wud.construction\/wp-content\/uploads\/2023\/09\/IMG_20240308_182528_926-768x768.jpg\" width=\"525\" height=\"525\" alt=\"Terrasse en bois\" \/><\/a><\/div><div class=\"rl-gallery-item\"><a href=\"https:\/\/wud.construction\/wp-content\/uploads\/2023\/09\/Snapchat-1985209040.jpg\" title=\"\" data-rl_title=\"\" class=\"rl-gallery-link\" data-rl_caption=\"\" data-rel=\"lightbox-gallery-1\"><img decoding=\"async\" src=\"https:\/\/wud.construction\/wp-content\/uploads\/2023\/09\/Snapchat-1985209040-768x1024.jpg\" width=\"525\" height=\"700\" alt=\"Terrasse en bois\" \/><\/a><\/div><div class=\"rl-gallery-item\"><a href=\"https:\/\/wud.construction\/wp-content\/uploads\/2023\/09\/20230509_191356-1.jpg\" title=\"\" data-rl_title=\"\" class=\"rl-gallery-link\" data-rl_caption=\"\" data-rel=\"lightbox-gallery-1\"><img decoding=\"async\" src=\"https:\/\/wud.construction\/wp-content\/uploads\/2023\/09\/20230509_191356-1-768x1027.jpg\" width=\"525\" height=\"702\" alt=\"Terrasse en bois\" \/><\/a><\/div> <\/div> <\/div><\/p>\n\n\n\n<p><\/p>\n","protected":false},"excerpt":{"rendered":"<p>&#8220;Le paradis, c&#8217;est d&#8217;\u00eatre assis sur la terrasse un soir d&#8217;\u00e9t\u00e9 et d&#8217;\u00e9couter le silence.&#8221; -Alec Guiness Une des plus belles fa\u00e7on d&#8217;embellir une surface plane, est d&#8217;y fabriquer une terrasse en bois. Elle peut aussi \u00eatre imagin\u00e9e, pour combler un vide entre deux parties h\u00e9t\u00e9rog\u00e8nes d&#8217;un gros oeuvre, ou entre une piscine et sa &hellip; <\/p>\n<p class=\"link-more\"><a href=\"https:\/\/wud.construction\/index.php\/terrasse-en-bois\/\" class=\"more-link\">Continue reading<span class=\"screen-reader-text\"> &#8220;Terrasse en bois&#8221;<\/span><\/a><\/p>\n","protected":false},"author":1,"featured_media":182,"parent":0,"menu_order":0,"comment_status":"closed","ping_status":"closed","template":"","meta":{"footnotes":""},"class_list":["post-148","page","type-page","status-publish","has-post-thumbnail","hentry"],"yoast_head":"<!-- This site is optimized with the Yoast SEO plugin v27.4 - https:\/\/yoast.com\/product\/yoast-seo-wordpress\/ -->\n<title>Terrasse en bois -<\/title>\n<meta name=\"description\" content=\"Sp\u00e9cialiste de la fabrication de terrasses en bois dans le sud de la Corse. Cr\u00e9ation, r\u00e9novation, entretien, agrandissement, garde corps, etc.\" \/>\n<meta name=\"robots\" content=\"index, follow, max-snippet:-1, max-image-preview:large, max-video-preview:-1\" \/>\n<link rel=\"canonical\" href=\"https:\/\/wud.construction\/index.php\/terrasse-en-bois\/\" \/>\n<meta property=\"og:locale\" content=\"en_US\" \/>\n<meta property=\"og:type\" content=\"article\" \/>\n<meta property=\"og:title\" content=\"Terrasse en bois -\" \/>\n<meta property=\"og:description\" content=\"Sp\u00e9cialiste de la fabrication de terrasses en bois dans le sud de la Corse. Cr\u00e9ation, r\u00e9novation, entretien, agrandissement, garde corps, etc.\" \/>\n<meta property=\"og:url\" content=\"https:\/\/wud.construction\/index.php\/terrasse-en-bois\/\" \/>\n<meta property=\"article:modified_time\" content=\"2023-10-05T06:00:27+00:00\" \/>\n<meta property=\"og:image\" content=\"http:\/\/wud.construction\/wp-content\/uploads\/2023\/09\/recadre.jpg\" \/>\n\t<meta property=\"og:image:width\" content=\"1920\" \/>\n\t<meta property=\"og:image:height\" content=\"1357\" \/>\n\t<meta property=\"og:image:type\" content=\"image\/jpeg\" \/>\n<meta name=\"twitter:card\" content=\"summary_large_image\" \/>\n<meta name=\"twitter:label1\" content=\"Est. reading time\" \/>\n\t<meta name=\"twitter:data1\" content=\"1 minute\" \/>\n<script type=\"application\/ld+json\" class=\"yoast-schema-graph\">{\"@context\":\"https:\\\/\\\/schema.org\",\"@graph\":[{\"@type\":\"WebPage\",\"@id\":\"https:\\\/\\\/wud.construction\\\/index.php\\\/terrasse-en-bois\\\/\",\"url\":\"https:\\\/\\\/wud.construction\\\/index.php\\\/terrasse-en-bois\\\/\",\"name\":\"Terrasse en bois -\",\"isPartOf\":{\"@id\":\"https:\\\/\\\/wud.construction\\\/#website\"},\"primaryImageOfPage\":{\"@id\":\"https:\\\/\\\/wud.construction\\\/index.php\\\/terrasse-en-bois\\\/#primaryimage\"},\"image\":{\"@id\":\"https:\\\/\\\/wud.construction\\\/index.php\\\/terrasse-en-bois\\\/#primaryimage\"},\"thumbnailUrl\":\"https:\\\/\\\/wud.construction\\\/wp-content\\\/uploads\\\/2023\\\/09\\\/recadre.jpg\",\"datePublished\":\"2023-09-04T13:24:41+00:00\",\"dateModified\":\"2023-10-05T06:00:27+00:00\",\"description\":\"Sp\u00e9cialiste de la fabrication de terrasses en bois dans le sud de la Corse. Cr\u00e9ation, r\u00e9novation, entretien, agrandissement, garde corps, etc.\",\"breadcrumb\":{\"@id\":\"https:\\\/\\\/wud.construction\\\/index.php\\\/terrasse-en-bois\\\/#breadcrumb\"},\"inLanguage\":\"en-US\",\"potentialAction\":[{\"@type\":\"ReadAction\",\"target\":[\"https:\\\/\\\/wud.construction\\\/index.php\\\/terrasse-en-bois\\\/\"]}]},{\"@type\":\"ImageObject\",\"inLanguage\":\"en-US\",\"@id\":\"https:\\\/\\\/wud.construction\\\/index.php\\\/terrasse-en-bois\\\/#primaryimage\",\"url\":\"https:\\\/\\\/wud.construction\\\/wp-content\\\/uploads\\\/2023\\\/09\\\/recadre.jpg\",\"contentUrl\":\"https:\\\/\\\/wud.construction\\\/wp-content\\\/uploads\\\/2023\\\/09\\\/recadre.jpg\",\"width\":1920,\"height\":1357,\"caption\":\"Terrasse en bois\"},{\"@type\":\"BreadcrumbList\",\"@id\":\"https:\\\/\\\/wud.construction\\\/index.php\\\/terrasse-en-bois\\\/#breadcrumb\",\"itemListElement\":[{\"@type\":\"ListItem\",\"position\":1,\"name\":\"Accueil\",\"item\":\"https:\\\/\\\/wud.construction\\\/\"},{\"@type\":\"ListItem\",\"position\":2,\"name\":\"Terrasse en bois\"}]},{\"@type\":\"WebSite\",\"@id\":\"https:\\\/\\\/wud.construction\\\/#website\",\"url\":\"https:\\\/\\\/wud.construction\\\/\",\"name\":\"WUD - Am\u00e9nagements bois\",\"description\":\"\",\"publisher\":{\"@id\":\"https:\\\/\\\/wud.construction\\\/#organization\"},\"potentialAction\":[{\"@type\":\"SearchAction\",\"target\":{\"@type\":\"EntryPoint\",\"urlTemplate\":\"https:\\\/\\\/wud.construction\\\/?s={search_term_string}\"},\"query-input\":{\"@type\":\"PropertyValueSpecification\",\"valueRequired\":true,\"valueName\":\"search_term_string\"}}],\"inLanguage\":\"en-US\"},{\"@type\":\"Organization\",\"@id\":\"https:\\\/\\\/wud.construction\\\/#organization\",\"name\":\"WUD\",\"url\":\"https:\\\/\\\/wud.construction\\\/\",\"logo\":{\"@type\":\"ImageObject\",\"inLanguage\":\"en-US\",\"@id\":\"https:\\\/\\\/wud.construction\\\/#\\\/schema\\\/logo\\\/image\\\/\",\"url\":\"https:\\\/\\\/wud.construction\\\/wp-content\\\/uploads\\\/2023\\\/09\\\/cropped-AVATAR_LOGO_WUD_RS.jpg\",\"contentUrl\":\"https:\\\/\\\/wud.construction\\\/wp-content\\\/uploads\\\/2023\\\/09\\\/cropped-AVATAR_LOGO_WUD_RS.jpg\",\"width\":512,\"height\":512,\"caption\":\"WUD\"},\"image\":{\"@id\":\"https:\\\/\\\/wud.construction\\\/#\\\/schema\\\/logo\\\/image\\\/\"},\"sameAs\":[\"https:\\\/\\\/www.instagram.com\\\/wud.construction\\\/\"]}]}<\/script>\n<!-- \/ Yoast SEO plugin. -->","yoast_head_json":{"title":"Terrasse en bois -","description":"Sp\u00e9cialiste de la fabrication de terrasses en bois dans le sud de la Corse. Cr\u00e9ation, r\u00e9novation, entretien, agrandissement, garde corps, etc.","robots":{"index":"index","follow":"follow","max-snippet":"max-snippet:-1","max-image-preview":"max-image-preview:large","max-video-preview":"max-video-preview:-1"},"canonical":"https:\/\/wud.construction\/index.php\/terrasse-en-bois\/","og_locale":"en_US","og_type":"article","og_title":"Terrasse en bois -","og_description":"Sp\u00e9cialiste de la fabrication de terrasses en bois dans le sud de la Corse. Cr\u00e9ation, r\u00e9novation, entretien, agrandissement, garde corps, etc.","og_url":"https:\/\/wud.construction\/index.php\/terrasse-en-bois\/","article_modified_time":"2023-10-05T06:00:27+00:00","og_image":[{"width":1920,"height":1357,"url":"http:\/\/wud.construction\/wp-content\/uploads\/2023\/09\/recadre.jpg","type":"image\/jpeg"}],"twitter_card":"summary_large_image","twitter_misc":{"Est. reading time":"1 minute"},"schema":{"@context":"https:\/\/schema.org","@graph":[{"@type":"WebPage","@id":"https:\/\/wud.construction\/index.php\/terrasse-en-bois\/","url":"https:\/\/wud.construction\/index.php\/terrasse-en-bois\/","name":"Terrasse en bois -","isPartOf":{"@id":"https:\/\/wud.construction\/#website"},"primaryImageOfPage":{"@id":"https:\/\/wud.construction\/index.php\/terrasse-en-bois\/#primaryimage"},"image":{"@id":"https:\/\/wud.construction\/index.php\/terrasse-en-bois\/#primaryimage"},"thumbnailUrl":"https:\/\/wud.construction\/wp-content\/uploads\/2023\/09\/recadre.jpg","datePublished":"2023-09-04T13:24:41+00:00","dateModified":"2023-10-05T06:00:27+00:00","description":"Sp\u00e9cialiste de la fabrication de terrasses en bois dans le sud de la Corse. Cr\u00e9ation, r\u00e9novation, entretien, agrandissement, garde corps, etc.","breadcrumb":{"@id":"https:\/\/wud.construction\/index.php\/terrasse-en-bois\/#breadcrumb"},"inLanguage":"en-US","potentialAction":[{"@type":"ReadAction","target":["https:\/\/wud.construction\/index.php\/terrasse-en-bois\/"]}]},{"@type":"ImageObject","inLanguage":"en-US","@id":"https:\/\/wud.construction\/index.php\/terrasse-en-bois\/#primaryimage","url":"https:\/\/wud.construction\/wp-content\/uploads\/2023\/09\/recadre.jpg","contentUrl":"https:\/\/wud.construction\/wp-content\/uploads\/2023\/09\/recadre.jpg","width":1920,"height":1357,"caption":"Terrasse en bois"},{"@type":"BreadcrumbList","@id":"https:\/\/wud.construction\/index.php\/terrasse-en-bois\/#breadcrumb","itemListElement":[{"@type":"ListItem","position":1,"name":"Accueil","item":"https:\/\/wud.construction\/"},{"@type":"ListItem","position":2,"name":"Terrasse en bois"}]},{"@type":"WebSite","@id":"https:\/\/wud.construction\/#website","url":"https:\/\/wud.construction\/","name":"WUD - Am\u00e9nagements bois","description":"","publisher":{"@id":"https:\/\/wud.construction\/#organization"},"potentialAction":[{"@type":"SearchAction","target":{"@type":"EntryPoint","urlTemplate":"https:\/\/wud.construction\/?s={search_term_string}"},"query-input":{"@type":"PropertyValueSpecification","valueRequired":true,"valueName":"search_term_string"}}],"inLanguage":"en-US"},{"@type":"Organization","@id":"https:\/\/wud.construction\/#organization","name":"WUD","url":"https:\/\/wud.construction\/","logo":{"@type":"ImageObject","inLanguage":"en-US","@id":"https:\/\/wud.construction\/#\/schema\/logo\/image\/","url":"https:\/\/wud.construction\/wp-content\/uploads\/2023\/09\/cropped-AVATAR_LOGO_WUD_RS.jpg","contentUrl":"https:\/\/wud.construction\/wp-content\/uploads\/2023\/09\/cropped-AVATAR_LOGO_WUD_RS.jpg","width":512,"height":512,"caption":"WUD"},"image":{"@id":"https:\/\/wud.construction\/#\/schema\/logo\/image\/"},"sameAs":["https:\/\/www.instagram.com\/wud.construction\/"]}]}},"_links":{"self":[{"href":"https:\/\/wud.construction\/index.php\/wp-json\/wp\/v2\/pages\/148","targetHints":{"allow":["GET"]}}],"collection":[{"href":"https:\/\/wud.construction\/index.php\/wp-json\/wp\/v2\/pages"}],"about":[{"href":"https:\/\/wud.construction\/index.php\/wp-json\/wp\/v2\/types\/page"}],"author":[{"embeddable":true,"href":"https:\/\/wud.construction\/index.php\/wp-json\/wp\/v2\/users\/1"}],"replies":[{"embeddable":true,"href":"https:\/\/wud.construction\/index.php\/wp-json\/wp\/v2\/comments?post=148"}],"version-history":[{"count":10,"href":"https:\/\/wud.construction\/index.php\/wp-json\/wp\/v2\/pages\/148\/revisions"}],"predecessor-version":[{"id":264,"href":"https:\/\/wud.construction\/index.php\/wp-json\/wp\/v2\/pages\/148\/revisions\/264"}],"wp:featuredmedia":[{"embeddable":true,"href":"https:\/\/wud.construction\/index.php\/wp-json\/wp\/v2\/media\/182"}],"wp:attachment":[{"href":"https:\/\/wud.construction\/index.php\/wp-json\/wp\/v2\/media?parent=148"}],"curies":[{"name":"wp","href":"https:\/\/api.w.org\/{rel}","templated":true}]}}