{"id":183,"date":"2023-09-04T15:56:27","date_gmt":"2023-09-04T13:56:27","guid":{"rendered":"https:\/\/wud.construction\/?page_id=183"},"modified":"2025-01-18T19:22:47","modified_gmt":"2025-01-18T18:22:47","slug":"cache-clim","status":"publish","type":"page","link":"https:\/\/wud.construction\/index.php\/cache-clim\/","title":{"rendered":"Cache-climatiseur"},"content":{"rendered":"\n<p><strong>Cache Climatiseur : Alliez Esth\u00e9tique et Fonctionnalit\u00e9 \u00e0 Votre Ext\u00e9rieur<\/strong><\/p>\n\n\n\n<p><br>Nous vous proposons des caches climatiseur alliant design \u00e9l\u00e9gant et robustesse. Ces solutions sur mesure prot\u00e8gent vos unit\u00e9s ext\u00e9rieures tout en s\u2019int\u00e9grant harmonieusement \u00e0 votre environnement. Fabriqu\u00e9s avec des mat\u00e9riaux durables et r\u00e9sistants aux intemp\u00e9ries, nos caches climatiseur garantissent une meilleure long\u00e9vit\u00e9 de vos \u00e9quipements tout en rehaussant l\u2019esth\u00e9tique de votre fa\u00e7ade ou de votre jardin. Personnalisez votre cache selon vos besoins : dimensions, styles et finitions. Faites de votre ext\u00e9rieur un espace \u00e0 la fois fonctionnel et raffin\u00e9 !<\/p>\n\n\n\n<p class=\"has-text-align-center\"><div class=\"rl-gallery-container rl-loading\" id=\"rl-gallery-container-1\" data-gallery_id=\"343\"> <div class=\"rl-gallery rl-basicgrid-gallery \" id=\"rl-gallery-1\" data-gallery_no=\"1\"> <div class=\"rl-gallery-item\"><a href=\"https:\/\/wud.construction\/wp-content\/uploads\/2023\/09\/20230704_153609.jpg\" title=\"\" data-rl_title=\"\" class=\"rl-gallery-link\" data-rl_caption=\"\" data-rel=\"lightbox-gallery-1\"><img decoding=\"async\" src=\"https:\/\/wud.construction\/wp-content\/uploads\/2023\/09\/20230704_153609-224x300.jpg\" width=\"224\" height=\"300\" alt=\"Cache clim\" \/><\/a><\/div><div class=\"rl-gallery-item\"><a href=\"https:\/\/wud.construction\/wp-content\/uploads\/2025\/01\/20240523_160245-scaled.jpg\" title=\"\" data-rl_title=\"\" class=\"rl-gallery-link\" data-rl_caption=\"\" data-rel=\"lightbox-gallery-1\"><img decoding=\"async\" src=\"https:\/\/wud.construction\/wp-content\/uploads\/2025\/01\/20240523_160245-225x300.jpg\" width=\"225\" height=\"300\" alt=\"Cache clim\" \/><\/a><\/div><div class=\"rl-gallery-item\"><a href=\"https:\/\/wud.construction\/wp-content\/uploads\/2025\/01\/Snapchat-752519614.jpg\" title=\"\" data-rl_title=\"\" class=\"rl-gallery-link\" data-rl_caption=\"\" data-rel=\"lightbox-gallery-1\"><img decoding=\"async\" src=\"https:\/\/wud.construction\/wp-content\/uploads\/2025\/01\/Snapchat-752519614-225x300.jpg\" width=\"225\" height=\"300\" alt=\"Cache-clim\" \/><\/a><\/div><div class=\"rl-gallery-item\"><a href=\"https:\/\/wud.construction\/wp-content\/uploads\/2025\/01\/Snapchat-1243497641.jpg\" title=\"\" data-rl_title=\"\" class=\"rl-gallery-link\" data-rl_caption=\"\" data-rel=\"lightbox-gallery-1\"><img decoding=\"async\" src=\"https:\/\/wud.construction\/wp-content\/uploads\/2025\/01\/Snapchat-1243497641-225x300.jpg\" width=\"225\" height=\"300\" alt=\"Cache clim\" \/><\/a><\/div><div class=\"rl-gallery-item\"><a href=\"https:\/\/wud.construction\/wp-content\/uploads\/2025\/01\/20240523_160252-1-scaled.jpg\" title=\"\" data-rl_title=\"\" class=\"rl-gallery-link\" data-rl_caption=\"\" data-rel=\"lightbox-gallery-1\"><img decoding=\"async\" src=\"https:\/\/wud.construction\/wp-content\/uploads\/2025\/01\/20240523_160252-1-225x300.jpg\" width=\"225\" height=\"300\" alt=\"Cache clim\" \/><\/a><\/div><div class=\"rl-gallery-item\"><a href=\"https:\/\/wud.construction\/wp-content\/uploads\/2025\/01\/Snapchat-2147148730.jpg\" title=\"\" data-rl_title=\"\" class=\"rl-gallery-link\" data-rl_caption=\"\" data-rel=\"lightbox-gallery-1\"><img decoding=\"async\" src=\"https:\/\/wud.construction\/wp-content\/uploads\/2025\/01\/Snapchat-2147148730-225x300.jpg\" width=\"225\" height=\"300\" alt=\"Cache clim\" \/><\/a><\/div> <\/div> <\/div><\/p>\n","protected":false},"excerpt":{"rendered":"<p>Cache Climatiseur : Alliez Esth\u00e9tique et Fonctionnalit\u00e9 \u00e0 Votre Ext\u00e9rieur Nous vous proposons des caches climatiseur alliant design \u00e9l\u00e9gant et robustesse. Ces solutions sur mesure prot\u00e8gent vos unit\u00e9s ext\u00e9rieures tout en s\u2019int\u00e9grant harmonieusement \u00e0 votre environnement. Fabriqu\u00e9s avec des mat\u00e9riaux durables et r\u00e9sistants aux intemp\u00e9ries, nos caches climatiseur garantissent une meilleure long\u00e9vit\u00e9 de vos \u00e9quipements &hellip; <\/p>\n<p class=\"link-more\"><a href=\"https:\/\/wud.construction\/index.php\/cache-clim\/\" class=\"more-link\">Continue reading<span class=\"screen-reader-text\"> &#8220;Cache-climatiseur&#8221;<\/span><\/a><\/p>\n","protected":false},"author":1,"featured_media":348,"parent":0,"menu_order":0,"comment_status":"closed","ping_status":"closed","template":"","meta":{"footnotes":""},"class_list":["post-183","page","type-page","status-publish","has-post-thumbnail","hentry"],"yoast_head":"<!-- This site is optimized with the Yoast SEO plugin v27.4 - https:\/\/yoast.com\/product\/yoast-seo-wordpress\/ -->\n<title>Cache-climatiseur -<\/title>\n<meta name=\"description\" content=\"Que ce soit une pergola, un cache clim, un bardage, nous sommes \u00e9quip\u00e9s, r\u00e9actifs et efficaces pour r\u00e9aliser vos projets d&#039;am\u00e9nagement.\" \/>\n<meta name=\"robots\" content=\"index, follow, max-snippet:-1, max-image-preview:large, max-video-preview:-1\" \/>\n<link rel=\"canonical\" href=\"https:\/\/wud.construction\/index.php\/cache-clim\/\" \/>\n<meta property=\"og:locale\" content=\"en_US\" \/>\n<meta property=\"og:type\" content=\"article\" \/>\n<meta property=\"og:title\" content=\"Cache-climatiseur -\" \/>\n<meta property=\"og:description\" content=\"Que ce soit une pergola, un cache clim, un bardage, nous sommes \u00e9quip\u00e9s, r\u00e9actifs et efficaces pour r\u00e9aliser vos projets d&#039;am\u00e9nagement.\" \/>\n<meta property=\"og:url\" content=\"https:\/\/wud.construction\/index.php\/cache-clim\/\" \/>\n<meta property=\"article:modified_time\" content=\"2025-01-18T18:22:47+00:00\" \/>\n<meta property=\"og:image\" content=\"http:\/\/wud.construction\/wp-content\/uploads\/2025\/01\/Snapchat-752519614.jpg\" \/>\n\t<meta property=\"og:image:width\" content=\"1656\" \/>\n\t<meta property=\"og:image:height\" content=\"2208\" \/>\n\t<meta property=\"og:image:type\" content=\"image\/jpeg\" \/>\n<meta name=\"twitter:card\" content=\"summary_large_image\" \/>\n<meta name=\"twitter:label1\" content=\"Est. reading time\" \/>\n\t<meta name=\"twitter:data1\" content=\"1 minute\" \/>\n<script type=\"application\/ld+json\" class=\"yoast-schema-graph\">{\"@context\":\"https:\\\/\\\/schema.org\",\"@graph\":[{\"@type\":\"WebPage\",\"@id\":\"https:\\\/\\\/wud.construction\\\/index.php\\\/cache-clim\\\/\",\"url\":\"https:\\\/\\\/wud.construction\\\/index.php\\\/cache-clim\\\/\",\"name\":\"Cache-climatiseur -\",\"isPartOf\":{\"@id\":\"https:\\\/\\\/wud.construction\\\/#website\"},\"primaryImageOfPage\":{\"@id\":\"https:\\\/\\\/wud.construction\\\/index.php\\\/cache-clim\\\/#primaryimage\"},\"image\":{\"@id\":\"https:\\\/\\\/wud.construction\\\/index.php\\\/cache-clim\\\/#primaryimage\"},\"thumbnailUrl\":\"https:\\\/\\\/wud.construction\\\/wp-content\\\/uploads\\\/2025\\\/01\\\/Snapchat-752519614.jpg\",\"datePublished\":\"2023-09-04T13:56:27+00:00\",\"dateModified\":\"2025-01-18T18:22:47+00:00\",\"description\":\"Que ce soit une pergola, un cache clim, un bardage, nous sommes \u00e9quip\u00e9s, r\u00e9actifs et efficaces pour r\u00e9aliser vos projets d'am\u00e9nagement.\",\"breadcrumb\":{\"@id\":\"https:\\\/\\\/wud.construction\\\/index.php\\\/cache-clim\\\/#breadcrumb\"},\"inLanguage\":\"en-US\",\"potentialAction\":[{\"@type\":\"ReadAction\",\"target\":[\"https:\\\/\\\/wud.construction\\\/index.php\\\/cache-clim\\\/\"]}]},{\"@type\":\"ImageObject\",\"inLanguage\":\"en-US\",\"@id\":\"https:\\\/\\\/wud.construction\\\/index.php\\\/cache-clim\\\/#primaryimage\",\"url\":\"https:\\\/\\\/wud.construction\\\/wp-content\\\/uploads\\\/2025\\\/01\\\/Snapchat-752519614.jpg\",\"contentUrl\":\"https:\\\/\\\/wud.construction\\\/wp-content\\\/uploads\\\/2025\\\/01\\\/Snapchat-752519614.jpg\",\"width\":1656,\"height\":2208,\"caption\":\"Cache-clim\"},{\"@type\":\"BreadcrumbList\",\"@id\":\"https:\\\/\\\/wud.construction\\\/index.php\\\/cache-clim\\\/#breadcrumb\",\"itemListElement\":[{\"@type\":\"ListItem\",\"position\":1,\"name\":\"Accueil\",\"item\":\"https:\\\/\\\/wud.construction\\\/\"},{\"@type\":\"ListItem\",\"position\":2,\"name\":\"Cache-climatiseur\"}]},{\"@type\":\"WebSite\",\"@id\":\"https:\\\/\\\/wud.construction\\\/#website\",\"url\":\"https:\\\/\\\/wud.construction\\\/\",\"name\":\"WUD - Am\u00e9nagements bois\",\"description\":\"\",\"publisher\":{\"@id\":\"https:\\\/\\\/wud.construction\\\/#organization\"},\"potentialAction\":[{\"@type\":\"SearchAction\",\"target\":{\"@type\":\"EntryPoint\",\"urlTemplate\":\"https:\\\/\\\/wud.construction\\\/?s={search_term_string}\"},\"query-input\":{\"@type\":\"PropertyValueSpecification\",\"valueRequired\":true,\"valueName\":\"search_term_string\"}}],\"inLanguage\":\"en-US\"},{\"@type\":\"Organization\",\"@id\":\"https:\\\/\\\/wud.construction\\\/#organization\",\"name\":\"WUD\",\"url\":\"https:\\\/\\\/wud.construction\\\/\",\"logo\":{\"@type\":\"ImageObject\",\"inLanguage\":\"en-US\",\"@id\":\"https:\\\/\\\/wud.construction\\\/#\\\/schema\\\/logo\\\/image\\\/\",\"url\":\"https:\\\/\\\/wud.construction\\\/wp-content\\\/uploads\\\/2023\\\/09\\\/cropped-AVATAR_LOGO_WUD_RS.jpg\",\"contentUrl\":\"https:\\\/\\\/wud.construction\\\/wp-content\\\/uploads\\\/2023\\\/09\\\/cropped-AVATAR_LOGO_WUD_RS.jpg\",\"width\":512,\"height\":512,\"caption\":\"WUD\"},\"image\":{\"@id\":\"https:\\\/\\\/wud.construction\\\/#\\\/schema\\\/logo\\\/image\\\/\"},\"sameAs\":[\"https:\\\/\\\/www.instagram.com\\\/wud.construction\\\/\"]}]}<\/script>\n<!-- \/ Yoast SEO plugin. -->","yoast_head_json":{"title":"Cache-climatiseur -","description":"Que ce soit une pergola, un cache clim, un bardage, nous sommes \u00e9quip\u00e9s, r\u00e9actifs et efficaces pour r\u00e9aliser vos projets d'am\u00e9nagement.","robots":{"index":"index","follow":"follow","max-snippet":"max-snippet:-1","max-image-preview":"max-image-preview:large","max-video-preview":"max-video-preview:-1"},"canonical":"https:\/\/wud.construction\/index.php\/cache-clim\/","og_locale":"en_US","og_type":"article","og_title":"Cache-climatiseur -","og_description":"Que ce soit une pergola, un cache clim, un bardage, nous sommes \u00e9quip\u00e9s, r\u00e9actifs et efficaces pour r\u00e9aliser vos projets d'am\u00e9nagement.","og_url":"https:\/\/wud.construction\/index.php\/cache-clim\/","article_modified_time":"2025-01-18T18:22:47+00:00","og_image":[{"width":1656,"height":2208,"url":"http:\/\/wud.construction\/wp-content\/uploads\/2025\/01\/Snapchat-752519614.jpg","type":"image\/jpeg"}],"twitter_card":"summary_large_image","twitter_misc":{"Est. reading time":"1 minute"},"schema":{"@context":"https:\/\/schema.org","@graph":[{"@type":"WebPage","@id":"https:\/\/wud.construction\/index.php\/cache-clim\/","url":"https:\/\/wud.construction\/index.php\/cache-clim\/","name":"Cache-climatiseur -","isPartOf":{"@id":"https:\/\/wud.construction\/#website"},"primaryImageOfPage":{"@id":"https:\/\/wud.construction\/index.php\/cache-clim\/#primaryimage"},"image":{"@id":"https:\/\/wud.construction\/index.php\/cache-clim\/#primaryimage"},"thumbnailUrl":"https:\/\/wud.construction\/wp-content\/uploads\/2025\/01\/Snapchat-752519614.jpg","datePublished":"2023-09-04T13:56:27+00:00","dateModified":"2025-01-18T18:22:47+00:00","description":"Que ce soit une pergola, un cache clim, un bardage, nous sommes \u00e9quip\u00e9s, r\u00e9actifs et efficaces pour r\u00e9aliser vos projets d'am\u00e9nagement.","breadcrumb":{"@id":"https:\/\/wud.construction\/index.php\/cache-clim\/#breadcrumb"},"inLanguage":"en-US","potentialAction":[{"@type":"ReadAction","target":["https:\/\/wud.construction\/index.php\/cache-clim\/"]}]},{"@type":"ImageObject","inLanguage":"en-US","@id":"https:\/\/wud.construction\/index.php\/cache-clim\/#primaryimage","url":"https:\/\/wud.construction\/wp-content\/uploads\/2025\/01\/Snapchat-752519614.jpg","contentUrl":"https:\/\/wud.construction\/wp-content\/uploads\/2025\/01\/Snapchat-752519614.jpg","width":1656,"height":2208,"caption":"Cache-clim"},{"@type":"BreadcrumbList","@id":"https:\/\/wud.construction\/index.php\/cache-clim\/#breadcrumb","itemListElement":[{"@type":"ListItem","position":1,"name":"Accueil","item":"https:\/\/wud.construction\/"},{"@type":"ListItem","position":2,"name":"Cache-climatiseur"}]},{"@type":"WebSite","@id":"https:\/\/wud.construction\/#website","url":"https:\/\/wud.construction\/","name":"WUD - Am\u00e9nagements bois","description":"","publisher":{"@id":"https:\/\/wud.construction\/#organization"},"potentialAction":[{"@type":"SearchAction","target":{"@type":"EntryPoint","urlTemplate":"https:\/\/wud.construction\/?s={search_term_string}"},"query-input":{"@type":"PropertyValueSpecification","valueRequired":true,"valueName":"search_term_string"}}],"inLanguage":"en-US"},{"@type":"Organization","@id":"https:\/\/wud.construction\/#organization","name":"WUD","url":"https:\/\/wud.construction\/","logo":{"@type":"ImageObject","inLanguage":"en-US","@id":"https:\/\/wud.construction\/#\/schema\/logo\/image\/","url":"https:\/\/wud.construction\/wp-content\/uploads\/2023\/09\/cropped-AVATAR_LOGO_WUD_RS.jpg","contentUrl":"https:\/\/wud.construction\/wp-content\/uploads\/2023\/09\/cropped-AVATAR_LOGO_WUD_RS.jpg","width":512,"height":512,"caption":"WUD"},"image":{"@id":"https:\/\/wud.construction\/#\/schema\/logo\/image\/"},"sameAs":["https:\/\/www.instagram.com\/wud.construction\/"]}]}},"_links":{"self":[{"href":"https:\/\/wud.construction\/index.php\/wp-json\/wp\/v2\/pages\/183","targetHints":{"allow":["GET"]}}],"collection":[{"href":"https:\/\/wud.construction\/index.php\/wp-json\/wp\/v2\/pages"}],"about":[{"href":"https:\/\/wud.construction\/index.php\/wp-json\/wp\/v2\/types\/page"}],"author":[{"embeddable":true,"href":"https:\/\/wud.construction\/index.php\/wp-json\/wp\/v2\/users\/1"}],"replies":[{"embeddable":true,"href":"https:\/\/wud.construction\/index.php\/wp-json\/wp\/v2\/comments?post=183"}],"version-history":[{"count":6,"href":"https:\/\/wud.construction\/index.php\/wp-json\/wp\/v2\/pages\/183\/revisions"}],"predecessor-version":[{"id":351,"href":"https:\/\/wud.construction\/index.php\/wp-json\/wp\/v2\/pages\/183\/revisions\/351"}],"wp:featuredmedia":[{"embeddable":true,"href":"https:\/\/wud.construction\/index.php\/wp-json\/wp\/v2\/media\/348"}],"wp:attachment":[{"href":"https:\/\/wud.construction\/index.php\/wp-json\/wp\/v2\/media?parent=183"}],"curies":[{"name":"wp","href":"https:\/\/api.w.org\/{rel}","templated":true}]}}