{"id":275,"date":"2025-01-18T18:09:33","date_gmt":"2025-01-18T17:09:33","guid":{"rendered":"https:\/\/wud.construction\/?page_id=275"},"modified":"2025-01-18T18:27:32","modified_gmt":"2025-01-18T17:27:32","slug":"pergola","status":"publish","type":"page","link":"https:\/\/wud.construction\/index.php\/pergola\/","title":{"rendered":"Pergola"},"content":{"rendered":"\n<p>La pergola en bois, est la transition entre l&#8217;ext\u00e9rieur et l&#8217;int\u00e9rieur de la maison. Elle peut \u00eatre \u00e9tanche et bard\u00e9e, ou bien, ouverte juste pour l&#8217;ombre.<\/p>\n\n\n\n<ul class=\"wp-block-list\">\n<li><strong>Pergola \u00e9tanche et bard\u00e9e<\/strong> : Elle peut \u00eatre dot\u00e9e de panneaux ou de toitures en mat\u00e9riaux imperm\u00e9ables (comme du polycarbonate ou des tuiles) et parfois recouverte de bardage pour offrir une protection contre la pluie et le vent. Elle devient alors une extension de l&#8217;espace habitable, permettant de profiter de l&#8217;ext\u00e9rieur m\u00eame par temps humide.<\/li>\n\n\n\n<li><strong>Pergola ouverte pour l&#8217;ombre<\/strong> : Dans sa version plus l\u00e9g\u00e8re, elle peut \u00eatre con\u00e7ue avec des lames en bois ou en m\u00e9tal dispos\u00e9es de mani\u00e8re \u00e0 filtrer la lumi\u00e8re du soleil, cr\u00e9ant ainsi une zone ombrag\u00e9e agr\u00e9able pendant les journ\u00e9es chaudes. Elle permet de garder un lien avec l&#8217;ext\u00e9rieur tout en apportant confort et fra\u00eecheur.<\/li>\n<\/ul>\n\n\n\n<p>Dans les deux cas, la pergola en bois est un choix esth\u00e9tique qui apporte chaleur et naturel \u00e0 l&#8217;espace ext\u00e9rieur, tout en permettant de moduler l&#8217;intensit\u00e9 de la lumi\u00e8re et de la chaleur en fonction des besoins.<\/p>\n\n\n\n<p><\/p>\n\n\n\n<p class=\"has-text-align-center\"><div class=\"rl-gallery-container rl-loading\" id=\"rl-gallery-container-1\" data-gallery_id=\"311\"> <div class=\"rl-gallery rl-basicgrid-gallery \" id=\"rl-gallery-1\" data-gallery_no=\"1\"> <div class=\"rl-gallery-item\"><a href=\"https:\/\/wud.construction\/wp-content\/uploads\/2025\/01\/20240926_143842-8.jpg\" title=\"\" data-rl_title=\"\" class=\"rl-gallery-link\" data-rl_caption=\"\" data-rel=\"lightbox-gallery-1\"><img decoding=\"async\" src=\"https:\/\/wud.construction\/wp-content\/uploads\/2025\/01\/20240926_143842-8-225x300.jpg\" width=\"225\" height=\"300\" alt=\"Pergola bois\" \/><\/a><\/div><div class=\"rl-gallery-item\"><a href=\"https:\/\/wud.construction\/wp-content\/uploads\/2025\/07\/20250610_190842.jpg\" title=\"\" data-rl_title=\"\" class=\"rl-gallery-link\" data-rl_caption=\"\" data-rel=\"lightbox-gallery-1\"><img decoding=\"async\" src=\"https:\/\/wud.construction\/wp-content\/uploads\/2025\/07\/20250610_190842-225x300.jpg\" width=\"225\" height=\"300\" alt=\"Pergola acier et canisses\" \/><\/a><\/div><div class=\"rl-gallery-item\"><a href=\"https:\/\/wud.construction\/wp-content\/uploads\/2025\/07\/20250626_190234.jpg\" title=\"\" data-rl_title=\"\" class=\"rl-gallery-link\" data-rl_caption=\"\" data-rel=\"lightbox-gallery-1\"><img decoding=\"async\" src=\"https:\/\/wud.construction\/wp-content\/uploads\/2025\/07\/20250626_190234-225x300.jpg\" width=\"225\" height=\"300\" alt=\"Pergola acier et ip\u00e9\" \/><\/a><\/div><div class=\"rl-gallery-item\"><a href=\"https:\/\/wud.construction\/wp-content\/uploads\/2025\/01\/Snapchat-1985209040.jpg\" title=\"\" data-rl_title=\"\" class=\"rl-gallery-link\" data-rl_caption=\"\" data-rel=\"lightbox-gallery-1\"><img decoding=\"async\" src=\"https:\/\/wud.construction\/wp-content\/uploads\/2025\/01\/Snapchat-1985209040-225x300.jpg\" width=\"225\" height=\"300\" alt=\"Terrasse en bois\" \/><\/a><\/div><div class=\"rl-gallery-item\"><a href=\"https:\/\/wud.construction\/wp-content\/uploads\/2023\/09\/pergola.jpg\" title=\"\" data-rl_title=\"\" class=\"rl-gallery-link\" data-rl_caption=\"\" data-rel=\"lightbox-gallery-1\"><img decoding=\"async\" src=\"https:\/\/wud.construction\/wp-content\/uploads\/2023\/09\/pergola-300x212.jpg\" width=\"300\" height=\"212\" alt=\"Pergola\" \/><\/a><\/div> <\/div> <\/div><\/p>\n\n\n\n<p><\/p>\n","protected":false},"excerpt":{"rendered":"<p>La pergola en bois, est la transition entre l&#8217;ext\u00e9rieur et l&#8217;int\u00e9rieur de la maison. Elle peut \u00eatre \u00e9tanche et bard\u00e9e, ou bien, ouverte juste pour l&#8217;ombre. Dans les deux cas, la pergola en bois est un choix esth\u00e9tique qui apporte chaleur et naturel \u00e0 l&#8217;espace ext\u00e9rieur, tout en permettant de moduler l&#8217;intensit\u00e9 de la lumi\u00e8re &hellip; <\/p>\n<p class=\"link-more\"><a href=\"https:\/\/wud.construction\/index.php\/pergola\/\" class=\"more-link\">Continue reading<span class=\"screen-reader-text\"> &#8220;Pergola&#8221;<\/span><\/a><\/p>\n","protected":false},"author":1,"featured_media":312,"parent":0,"menu_order":0,"comment_status":"closed","ping_status":"closed","template":"","meta":{"footnotes":""},"class_list":["post-275","page","type-page","status-publish","has-post-thumbnail","hentry"],"yoast_head":"<!-- This site is optimized with the Yoast SEO plugin v27.4 - https:\/\/yoast.com\/product\/yoast-seo-wordpress\/ -->\n<title>Pergola -<\/title>\n<meta name=\"robots\" content=\"index, follow, max-snippet:-1, max-image-preview:large, max-video-preview:-1\" \/>\n<link rel=\"canonical\" href=\"https:\/\/wud.construction\/index.php\/pergola\/\" \/>\n<meta property=\"og:locale\" content=\"en_US\" \/>\n<meta property=\"og:type\" content=\"article\" \/>\n<meta property=\"og:title\" content=\"Pergola -\" \/>\n<meta property=\"og:description\" content=\"La pergola en bois, est la transition entre l&#8217;ext\u00e9rieur et l&#8217;int\u00e9rieur de la maison. Elle peut \u00eatre \u00e9tanche et bard\u00e9e, ou bien, ouverte juste pour l&#8217;ombre. Dans les deux cas, la pergola en bois est un choix esth\u00e9tique qui apporte chaleur et naturel \u00e0 l&#8217;espace ext\u00e9rieur, tout en permettant de moduler l&#8217;intensit\u00e9 de la lumi\u00e8re &hellip; Continue reading &quot;Pergola&quot;\" \/>\n<meta property=\"og:url\" content=\"https:\/\/wud.construction\/index.php\/pergola\/\" \/>\n<meta property=\"article:modified_time\" content=\"2025-01-18T17:27:32+00:00\" \/>\n<meta property=\"og:image\" content=\"http:\/\/wud.construction\/wp-content\/uploads\/2025\/01\/20240926_143842-8.jpg\" \/>\n\t<meta property=\"og:image:width\" content=\"1440\" \/>\n\t<meta property=\"og:image:height\" content=\"1920\" \/>\n\t<meta property=\"og:image:type\" content=\"image\/jpeg\" \/>\n<meta name=\"twitter:card\" content=\"summary_large_image\" \/>\n<meta name=\"twitter:label1\" content=\"Est. reading time\" \/>\n\t<meta name=\"twitter:data1\" content=\"1 minute\" \/>\n<script type=\"application\/ld+json\" class=\"yoast-schema-graph\">{\"@context\":\"https:\\\/\\\/schema.org\",\"@graph\":[{\"@type\":\"WebPage\",\"@id\":\"https:\\\/\\\/wud.construction\\\/index.php\\\/pergola\\\/\",\"url\":\"https:\\\/\\\/wud.construction\\\/index.php\\\/pergola\\\/\",\"name\":\"Pergola -\",\"isPartOf\":{\"@id\":\"https:\\\/\\\/wud.construction\\\/#website\"},\"primaryImageOfPage\":{\"@id\":\"https:\\\/\\\/wud.construction\\\/index.php\\\/pergola\\\/#primaryimage\"},\"image\":{\"@id\":\"https:\\\/\\\/wud.construction\\\/index.php\\\/pergola\\\/#primaryimage\"},\"thumbnailUrl\":\"https:\\\/\\\/wud.construction\\\/wp-content\\\/uploads\\\/2025\\\/01\\\/20240926_143842-8.jpg\",\"datePublished\":\"2025-01-18T17:09:33+00:00\",\"dateModified\":\"2025-01-18T17:27:32+00:00\",\"breadcrumb\":{\"@id\":\"https:\\\/\\\/wud.construction\\\/index.php\\\/pergola\\\/#breadcrumb\"},\"inLanguage\":\"en-US\",\"potentialAction\":[{\"@type\":\"ReadAction\",\"target\":[\"https:\\\/\\\/wud.construction\\\/index.php\\\/pergola\\\/\"]}]},{\"@type\":\"ImageObject\",\"inLanguage\":\"en-US\",\"@id\":\"https:\\\/\\\/wud.construction\\\/index.php\\\/pergola\\\/#primaryimage\",\"url\":\"https:\\\/\\\/wud.construction\\\/wp-content\\\/uploads\\\/2025\\\/01\\\/20240926_143842-8.jpg\",\"contentUrl\":\"https:\\\/\\\/wud.construction\\\/wp-content\\\/uploads\\\/2025\\\/01\\\/20240926_143842-8.jpg\",\"width\":1440,\"height\":1920,\"caption\":\"Pergola bois\"},{\"@type\":\"BreadcrumbList\",\"@id\":\"https:\\\/\\\/wud.construction\\\/index.php\\\/pergola\\\/#breadcrumb\",\"itemListElement\":[{\"@type\":\"ListItem\",\"position\":1,\"name\":\"Accueil\",\"item\":\"https:\\\/\\\/wud.construction\\\/\"},{\"@type\":\"ListItem\",\"position\":2,\"name\":\"Pergola\"}]},{\"@type\":\"WebSite\",\"@id\":\"https:\\\/\\\/wud.construction\\\/#website\",\"url\":\"https:\\\/\\\/wud.construction\\\/\",\"name\":\"WUD - Am\u00e9nagements bois\",\"description\":\"\",\"publisher\":{\"@id\":\"https:\\\/\\\/wud.construction\\\/#organization\"},\"potentialAction\":[{\"@type\":\"SearchAction\",\"target\":{\"@type\":\"EntryPoint\",\"urlTemplate\":\"https:\\\/\\\/wud.construction\\\/?s={search_term_string}\"},\"query-input\":{\"@type\":\"PropertyValueSpecification\",\"valueRequired\":true,\"valueName\":\"search_term_string\"}}],\"inLanguage\":\"en-US\"},{\"@type\":\"Organization\",\"@id\":\"https:\\\/\\\/wud.construction\\\/#organization\",\"name\":\"WUD\",\"url\":\"https:\\\/\\\/wud.construction\\\/\",\"logo\":{\"@type\":\"ImageObject\",\"inLanguage\":\"en-US\",\"@id\":\"https:\\\/\\\/wud.construction\\\/#\\\/schema\\\/logo\\\/image\\\/\",\"url\":\"https:\\\/\\\/wud.construction\\\/wp-content\\\/uploads\\\/2023\\\/09\\\/cropped-AVATAR_LOGO_WUD_RS.jpg\",\"contentUrl\":\"https:\\\/\\\/wud.construction\\\/wp-content\\\/uploads\\\/2023\\\/09\\\/cropped-AVATAR_LOGO_WUD_RS.jpg\",\"width\":512,\"height\":512,\"caption\":\"WUD\"},\"image\":{\"@id\":\"https:\\\/\\\/wud.construction\\\/#\\\/schema\\\/logo\\\/image\\\/\"},\"sameAs\":[\"https:\\\/\\\/www.instagram.com\\\/wud.construction\\\/\"]}]}<\/script>\n<!-- \/ Yoast SEO plugin. -->","yoast_head_json":{"title":"Pergola -","robots":{"index":"index","follow":"follow","max-snippet":"max-snippet:-1","max-image-preview":"max-image-preview:large","max-video-preview":"max-video-preview:-1"},"canonical":"https:\/\/wud.construction\/index.php\/pergola\/","og_locale":"en_US","og_type":"article","og_title":"Pergola -","og_description":"La pergola en bois, est la transition entre l&#8217;ext\u00e9rieur et l&#8217;int\u00e9rieur de la maison. Elle peut \u00eatre \u00e9tanche et bard\u00e9e, ou bien, ouverte juste pour l&#8217;ombre. Dans les deux cas, la pergola en bois est un choix esth\u00e9tique qui apporte chaleur et naturel \u00e0 l&#8217;espace ext\u00e9rieur, tout en permettant de moduler l&#8217;intensit\u00e9 de la lumi\u00e8re &hellip; Continue reading \"Pergola\"","og_url":"https:\/\/wud.construction\/index.php\/pergola\/","article_modified_time":"2025-01-18T17:27:32+00:00","og_image":[{"width":1440,"height":1920,"url":"http:\/\/wud.construction\/wp-content\/uploads\/2025\/01\/20240926_143842-8.jpg","type":"image\/jpeg"}],"twitter_card":"summary_large_image","twitter_misc":{"Est. reading time":"1 minute"},"schema":{"@context":"https:\/\/schema.org","@graph":[{"@type":"WebPage","@id":"https:\/\/wud.construction\/index.php\/pergola\/","url":"https:\/\/wud.construction\/index.php\/pergola\/","name":"Pergola -","isPartOf":{"@id":"https:\/\/wud.construction\/#website"},"primaryImageOfPage":{"@id":"https:\/\/wud.construction\/index.php\/pergola\/#primaryimage"},"image":{"@id":"https:\/\/wud.construction\/index.php\/pergola\/#primaryimage"},"thumbnailUrl":"https:\/\/wud.construction\/wp-content\/uploads\/2025\/01\/20240926_143842-8.jpg","datePublished":"2025-01-18T17:09:33+00:00","dateModified":"2025-01-18T17:27:32+00:00","breadcrumb":{"@id":"https:\/\/wud.construction\/index.php\/pergola\/#breadcrumb"},"inLanguage":"en-US","potentialAction":[{"@type":"ReadAction","target":["https:\/\/wud.construction\/index.php\/pergola\/"]}]},{"@type":"ImageObject","inLanguage":"en-US","@id":"https:\/\/wud.construction\/index.php\/pergola\/#primaryimage","url":"https:\/\/wud.construction\/wp-content\/uploads\/2025\/01\/20240926_143842-8.jpg","contentUrl":"https:\/\/wud.construction\/wp-content\/uploads\/2025\/01\/20240926_143842-8.jpg","width":1440,"height":1920,"caption":"Pergola bois"},{"@type":"BreadcrumbList","@id":"https:\/\/wud.construction\/index.php\/pergola\/#breadcrumb","itemListElement":[{"@type":"ListItem","position":1,"name":"Accueil","item":"https:\/\/wud.construction\/"},{"@type":"ListItem","position":2,"name":"Pergola"}]},{"@type":"WebSite","@id":"https:\/\/wud.construction\/#website","url":"https:\/\/wud.construction\/","name":"WUD - Am\u00e9nagements bois","description":"","publisher":{"@id":"https:\/\/wud.construction\/#organization"},"potentialAction":[{"@type":"SearchAction","target":{"@type":"EntryPoint","urlTemplate":"https:\/\/wud.construction\/?s={search_term_string}"},"query-input":{"@type":"PropertyValueSpecification","valueRequired":true,"valueName":"search_term_string"}}],"inLanguage":"en-US"},{"@type":"Organization","@id":"https:\/\/wud.construction\/#organization","name":"WUD","url":"https:\/\/wud.construction\/","logo":{"@type":"ImageObject","inLanguage":"en-US","@id":"https:\/\/wud.construction\/#\/schema\/logo\/image\/","url":"https:\/\/wud.construction\/wp-content\/uploads\/2023\/09\/cropped-AVATAR_LOGO_WUD_RS.jpg","contentUrl":"https:\/\/wud.construction\/wp-content\/uploads\/2023\/09\/cropped-AVATAR_LOGO_WUD_RS.jpg","width":512,"height":512,"caption":"WUD"},"image":{"@id":"https:\/\/wud.construction\/#\/schema\/logo\/image\/"},"sameAs":["https:\/\/www.instagram.com\/wud.construction\/"]}]}},"_links":{"self":[{"href":"https:\/\/wud.construction\/index.php\/wp-json\/wp\/v2\/pages\/275","targetHints":{"allow":["GET"]}}],"collection":[{"href":"https:\/\/wud.construction\/index.php\/wp-json\/wp\/v2\/pages"}],"about":[{"href":"https:\/\/wud.construction\/index.php\/wp-json\/wp\/v2\/types\/page"}],"author":[{"embeddable":true,"href":"https:\/\/wud.construction\/index.php\/wp-json\/wp\/v2\/users\/1"}],"replies":[{"embeddable":true,"href":"https:\/\/wud.construction\/index.php\/wp-json\/wp\/v2\/comments?post=275"}],"version-history":[{"count":4,"href":"https:\/\/wud.construction\/index.php\/wp-json\/wp\/v2\/pages\/275\/revisions"}],"predecessor-version":[{"id":320,"href":"https:\/\/wud.construction\/index.php\/wp-json\/wp\/v2\/pages\/275\/revisions\/320"}],"wp:featuredmedia":[{"embeddable":true,"href":"https:\/\/wud.construction\/index.php\/wp-json\/wp\/v2\/media\/312"}],"wp:attachment":[{"href":"https:\/\/wud.construction\/index.php\/wp-json\/wp\/v2\/media?parent=275"}],"curies":[{"name":"wp","href":"https:\/\/api.w.org\/{rel}","templated":true}]}}