{"id":325,"date":"2025-01-18T18:41:02","date_gmt":"2025-01-18T17:41:02","guid":{"rendered":"https:\/\/wud.construction\/?page_id=325"},"modified":"2025-01-18T18:41:03","modified_gmt":"2025-01-18T17:41:03","slug":"escalier","status":"publish","type":"page","link":"https:\/\/wud.construction\/index.php\/escalier\/","title":{"rendered":"Escalier"},"content":{"rendered":"\n<p><strong>Les escaliers en bois : un choix esth\u00e9tique et pratique pour votre ext\u00e9rieur<\/strong><\/p>\n\n\n\n<p>L&#8217;escalier en bois est bien plus qu&#8217;un simple \u00e9l\u00e9ment fonctionnel, c&#8217;est un v\u00e9ritable atout pour votre ext\u00e9rieur. Qu&#8217;il s&#8217;agisse d&#8217;un acc\u00e8s \u00e0 un jardin en pente, d&#8217;une terrasse sur\u00e9lev\u00e9e ou d&#8217;une entr\u00e9e \u00e9l\u00e9gante, l&#8217;escalier en bois apporte une touche naturelle et chaleureuse qui s&#8217;int\u00e8gre harmonieusement dans tous les styles de paysages.<\/p>\n\n\n\n<p>L\u2019avantage principal de l\u2019escalier en bois r\u00e9side dans sa robustesse et sa long\u00e9vit\u00e9, surtout lorsqu\u2019il est r\u00e9alis\u00e9 avec des essences r\u00e9sistantes aux intemp\u00e9ries. De plus, le bois permet une personnalisation infinie : vous pouvez choisir la finition, la couleur et m\u00eame l\u2019essence de bois qui s\u2019adaptera le mieux \u00e0 l\u2019ambiance de votre ext\u00e9rieur.<\/p>\n\n\n\n<p>En plus d\u2019offrir un acc\u00e8s s\u00e9curis\u00e9, l&#8217;escalier en bois saura sublimer vos espaces ext\u00e9rieurs en apportant un charme intemporel. Sa conception soign\u00e9e et sa qualit\u00e9 de fabrication garantissent une solution fiable et esth\u00e9tique pour toutes vos constructions ext\u00e9rieures.<\/p>\n\n\n\n<p>Faites le choix d&#8217;un escalier en bois et transformez votre espace ext\u00e9rieur en un lieu \u00e0 la fois pratique, esth\u00e9tique et chaleureux. N&#8217;attendez plus pour donner du caract\u00e8re \u00e0 votre jardin ou votre terrasse !<\/p>\n\n\n\n<p class=\"has-text-align-center\"><div class=\"rl-gallery-container rl-loading\" id=\"rl-gallery-container-1\" data-gallery_id=\"321\"> <div class=\"rl-gallery rl-basicgrid-gallery \" id=\"rl-gallery-1\" data-gallery_no=\"1\"> <div class=\"rl-gallery-item\"><a href=\"https:\/\/wud.construction\/wp-content\/uploads\/2025\/01\/20230427_165735.jpg\" title=\"\" data-rl_title=\"\" class=\"rl-gallery-link\" data-rl_caption=\"\" data-rel=\"lightbox-gallery-1\"><img decoding=\"async\" src=\"https:\/\/wud.construction\/wp-content\/uploads\/2025\/01\/20230427_165735-224x300.jpg\" width=\"224\" height=\"300\" alt=\"Terrasse bois\" \/><\/a><\/div><div class=\"rl-gallery-item\"><a href=\"https:\/\/wud.construction\/wp-content\/uploads\/2025\/01\/IMG_81771.jpg\" title=\"\" data-rl_title=\"\" class=\"rl-gallery-link\" data-rl_caption=\"\" data-rel=\"lightbox-gallery-1\"><img decoding=\"async\" src=\"https:\/\/wud.construction\/wp-content\/uploads\/2025\/01\/IMG_81771-225x300.jpg\" width=\"225\" height=\"300\" alt=\"Escalier en bois\" \/><\/a><\/div><div class=\"rl-gallery-item\"><a href=\"https:\/\/wud.construction\/wp-content\/uploads\/2025\/07\/20250311_164332.jpg\" title=\"\" data-rl_title=\"\" class=\"rl-gallery-link\" data-rl_caption=\"\" data-rel=\"lightbox-gallery-1\"><img decoding=\"async\" src=\"https:\/\/wud.construction\/wp-content\/uploads\/2025\/07\/20250311_164332-225x300.jpg\" width=\"225\" height=\"300\" alt=\"Escalier en ip\u00e9\" \/><\/a><\/div><div class=\"rl-gallery-item\"><a href=\"https:\/\/wud.construction\/wp-content\/uploads\/2025\/01\/IMG-20230424-WA0008.jpeg\" title=\"\" data-rl_title=\"\" class=\"rl-gallery-link\" data-rl_caption=\"\" data-rel=\"lightbox-gallery-1\"><img decoding=\"async\" src=\"https:\/\/wud.construction\/wp-content\/uploads\/2025\/01\/IMG-20230424-WA0008-169x300.jpeg\" width=\"169\" height=\"300\" alt=\"Escalier en bois\" \/><\/a><\/div><div class=\"rl-gallery-item\"><a href=\"https:\/\/wud.construction\/wp-content\/uploads\/2025\/01\/20240403_073831.jpg\" title=\"\" data-rl_title=\"\" class=\"rl-gallery-link\" data-rl_caption=\"\" data-rel=\"lightbox-gallery-1\"><img decoding=\"async\" src=\"https:\/\/wud.construction\/wp-content\/uploads\/2025\/01\/20240403_073831-224x300.jpg\" width=\"224\" height=\"300\" alt=\"Escalier en bois\" \/><\/a><\/div><div class=\"rl-gallery-item\"><a href=\"https:\/\/wud.construction\/wp-content\/uploads\/2025\/07\/Snapchat-2015291069.jpg\" title=\"\" data-rl_title=\"\" class=\"rl-gallery-link\" data-rl_caption=\"\" data-rel=\"lightbox-gallery-1\"><img decoding=\"async\" src=\"https:\/\/wud.construction\/wp-content\/uploads\/2025\/07\/Snapchat-2015291069-225x300.jpg\" width=\"225\" height=\"300\" alt=\"Passerelle en pin laricio\" \/><\/a><\/div><div class=\"rl-gallery-item\"><a href=\"https:\/\/wud.construction\/wp-content\/uploads\/2025\/07\/20250311_164305.jpg\" title=\"\" data-rl_title=\"\" class=\"rl-gallery-link\" data-rl_caption=\"\" data-rel=\"lightbox-gallery-1\"><img decoding=\"async\" src=\"https:\/\/wud.construction\/wp-content\/uploads\/2025\/07\/20250311_164305-225x300.jpg\" width=\"225\" height=\"300\" alt=\"Escalier en ip\u00e9\" \/><\/a><\/div><div class=\"rl-gallery-item\"><a href=\"https:\/\/wud.construction\/wp-content\/uploads\/2025\/01\/20230114_131915.jpg\" title=\"\" data-rl_title=\"\" class=\"rl-gallery-link\" data-rl_caption=\"\" data-rel=\"lightbox-gallery-1\"><img decoding=\"async\" src=\"https:\/\/wud.construction\/wp-content\/uploads\/2025\/01\/20230114_131915-224x300.jpg\" width=\"224\" height=\"300\" alt=\"Terrasse en bois\" \/><\/a><\/div> <\/div> <\/div><\/p>\n\n\n\n<p><\/p>\n","protected":false},"excerpt":{"rendered":"<p>Les escaliers en bois : un choix esth\u00e9tique et pratique pour votre ext\u00e9rieur L&#8217;escalier en bois est bien plus qu&#8217;un simple \u00e9l\u00e9ment fonctionnel, c&#8217;est un v\u00e9ritable atout pour votre ext\u00e9rieur. Qu&#8217;il s&#8217;agisse d&#8217;un acc\u00e8s \u00e0 un jardin en pente, d&#8217;une terrasse sur\u00e9lev\u00e9e ou d&#8217;une entr\u00e9e \u00e9l\u00e9gante, l&#8217;escalier en bois apporte une touche naturelle et chaleureuse &hellip; <\/p>\n<p class=\"link-more\"><a href=\"https:\/\/wud.construction\/index.php\/escalier\/\" class=\"more-link\">Continue reading<span class=\"screen-reader-text\"> &#8220;Escalier&#8221;<\/span><\/a><\/p>\n","protected":false},"author":1,"featured_media":302,"parent":0,"menu_order":0,"comment_status":"closed","ping_status":"closed","template":"","meta":{"footnotes":""},"class_list":["post-325","page","type-page","status-publish","has-post-thumbnail","hentry"],"yoast_head":"<!-- This site is optimized with the Yoast SEO plugin v27.4 - https:\/\/yoast.com\/product\/yoast-seo-wordpress\/ -->\n<title>Escalier -<\/title>\n<meta name=\"robots\" content=\"index, follow, max-snippet:-1, max-image-preview:large, max-video-preview:-1\" \/>\n<link rel=\"canonical\" href=\"https:\/\/wud.construction\/index.php\/escalier\/\" \/>\n<meta property=\"og:locale\" content=\"en_US\" \/>\n<meta property=\"og:type\" content=\"article\" \/>\n<meta property=\"og:title\" content=\"Escalier -\" \/>\n<meta property=\"og:description\" content=\"Les escaliers en bois : un choix esth\u00e9tique et pratique pour votre ext\u00e9rieur L&#8217;escalier en bois est bien plus qu&#8217;un simple \u00e9l\u00e9ment fonctionnel, c&#8217;est un v\u00e9ritable atout pour votre ext\u00e9rieur. Qu&#8217;il s&#8217;agisse d&#8217;un acc\u00e8s \u00e0 un jardin en pente, d&#8217;une terrasse sur\u00e9lev\u00e9e ou d&#8217;une entr\u00e9e \u00e9l\u00e9gante, l&#8217;escalier en bois apporte une touche naturelle et chaleureuse &hellip; Continue reading &quot;Escalier&quot;\" \/>\n<meta property=\"og:url\" content=\"https:\/\/wud.construction\/index.php\/escalier\/\" \/>\n<meta property=\"article:modified_time\" content=\"2025-01-18T17:41:03+00:00\" \/>\n<meta property=\"og:image\" content=\"http:\/\/wud.construction\/wp-content\/uploads\/2025\/01\/Snapchat-2077064723.jpg\" \/>\n\t<meta property=\"og:image:width\" content=\"1656\" \/>\n\t<meta property=\"og:image:height\" content=\"2208\" \/>\n\t<meta property=\"og:image:type\" content=\"image\/jpeg\" \/>\n<meta name=\"twitter:card\" content=\"summary_large_image\" \/>\n<meta name=\"twitter:label1\" content=\"Est. reading time\" \/>\n\t<meta name=\"twitter:data1\" content=\"1 minute\" \/>\n<script type=\"application\/ld+json\" class=\"yoast-schema-graph\">{\"@context\":\"https:\\\/\\\/schema.org\",\"@graph\":[{\"@type\":\"WebPage\",\"@id\":\"https:\\\/\\\/wud.construction\\\/index.php\\\/escalier\\\/\",\"url\":\"https:\\\/\\\/wud.construction\\\/index.php\\\/escalier\\\/\",\"name\":\"Escalier -\",\"isPartOf\":{\"@id\":\"https:\\\/\\\/wud.construction\\\/#website\"},\"primaryImageOfPage\":{\"@id\":\"https:\\\/\\\/wud.construction\\\/index.php\\\/escalier\\\/#primaryimage\"},\"image\":{\"@id\":\"https:\\\/\\\/wud.construction\\\/index.php\\\/escalier\\\/#primaryimage\"},\"thumbnailUrl\":\"https:\\\/\\\/wud.construction\\\/wp-content\\\/uploads\\\/2025\\\/01\\\/Snapchat-2077064723.jpg\",\"datePublished\":\"2025-01-18T17:41:02+00:00\",\"dateModified\":\"2025-01-18T17:41:03+00:00\",\"breadcrumb\":{\"@id\":\"https:\\\/\\\/wud.construction\\\/index.php\\\/escalier\\\/#breadcrumb\"},\"inLanguage\":\"en-US\",\"potentialAction\":[{\"@type\":\"ReadAction\",\"target\":[\"https:\\\/\\\/wud.construction\\\/index.php\\\/escalier\\\/\"]}]},{\"@type\":\"ImageObject\",\"inLanguage\":\"en-US\",\"@id\":\"https:\\\/\\\/wud.construction\\\/index.php\\\/escalier\\\/#primaryimage\",\"url\":\"https:\\\/\\\/wud.construction\\\/wp-content\\\/uploads\\\/2025\\\/01\\\/Snapchat-2077064723.jpg\",\"contentUrl\":\"https:\\\/\\\/wud.construction\\\/wp-content\\\/uploads\\\/2025\\\/01\\\/Snapchat-2077064723.jpg\",\"width\":1656,\"height\":2208,\"caption\":\"Escalier en bois\"},{\"@type\":\"BreadcrumbList\",\"@id\":\"https:\\\/\\\/wud.construction\\\/index.php\\\/escalier\\\/#breadcrumb\",\"itemListElement\":[{\"@type\":\"ListItem\",\"position\":1,\"name\":\"Accueil\",\"item\":\"https:\\\/\\\/wud.construction\\\/\"},{\"@type\":\"ListItem\",\"position\":2,\"name\":\"Escalier\"}]},{\"@type\":\"WebSite\",\"@id\":\"https:\\\/\\\/wud.construction\\\/#website\",\"url\":\"https:\\\/\\\/wud.construction\\\/\",\"name\":\"WUD - Am\u00e9nagements bois\",\"description\":\"\",\"publisher\":{\"@id\":\"https:\\\/\\\/wud.construction\\\/#organization\"},\"potentialAction\":[{\"@type\":\"SearchAction\",\"target\":{\"@type\":\"EntryPoint\",\"urlTemplate\":\"https:\\\/\\\/wud.construction\\\/?s={search_term_string}\"},\"query-input\":{\"@type\":\"PropertyValueSpecification\",\"valueRequired\":true,\"valueName\":\"search_term_string\"}}],\"inLanguage\":\"en-US\"},{\"@type\":\"Organization\",\"@id\":\"https:\\\/\\\/wud.construction\\\/#organization\",\"name\":\"WUD\",\"url\":\"https:\\\/\\\/wud.construction\\\/\",\"logo\":{\"@type\":\"ImageObject\",\"inLanguage\":\"en-US\",\"@id\":\"https:\\\/\\\/wud.construction\\\/#\\\/schema\\\/logo\\\/image\\\/\",\"url\":\"https:\\\/\\\/wud.construction\\\/wp-content\\\/uploads\\\/2023\\\/09\\\/cropped-AVATAR_LOGO_WUD_RS.jpg\",\"contentUrl\":\"https:\\\/\\\/wud.construction\\\/wp-content\\\/uploads\\\/2023\\\/09\\\/cropped-AVATAR_LOGO_WUD_RS.jpg\",\"width\":512,\"height\":512,\"caption\":\"WUD\"},\"image\":{\"@id\":\"https:\\\/\\\/wud.construction\\\/#\\\/schema\\\/logo\\\/image\\\/\"},\"sameAs\":[\"https:\\\/\\\/www.instagram.com\\\/wud.construction\\\/\"]}]}<\/script>\n<!-- \/ Yoast SEO plugin. -->","yoast_head_json":{"title":"Escalier -","robots":{"index":"index","follow":"follow","max-snippet":"max-snippet:-1","max-image-preview":"max-image-preview:large","max-video-preview":"max-video-preview:-1"},"canonical":"https:\/\/wud.construction\/index.php\/escalier\/","og_locale":"en_US","og_type":"article","og_title":"Escalier -","og_description":"Les escaliers en bois : un choix esth\u00e9tique et pratique pour votre ext\u00e9rieur L&#8217;escalier en bois est bien plus qu&#8217;un simple \u00e9l\u00e9ment fonctionnel, c&#8217;est un v\u00e9ritable atout pour votre ext\u00e9rieur. Qu&#8217;il s&#8217;agisse d&#8217;un acc\u00e8s \u00e0 un jardin en pente, d&#8217;une terrasse sur\u00e9lev\u00e9e ou d&#8217;une entr\u00e9e \u00e9l\u00e9gante, l&#8217;escalier en bois apporte une touche naturelle et chaleureuse &hellip; Continue reading \"Escalier\"","og_url":"https:\/\/wud.construction\/index.php\/escalier\/","article_modified_time":"2025-01-18T17:41:03+00:00","og_image":[{"width":1656,"height":2208,"url":"http:\/\/wud.construction\/wp-content\/uploads\/2025\/01\/Snapchat-2077064723.jpg","type":"image\/jpeg"}],"twitter_card":"summary_large_image","twitter_misc":{"Est. reading time":"1 minute"},"schema":{"@context":"https:\/\/schema.org","@graph":[{"@type":"WebPage","@id":"https:\/\/wud.construction\/index.php\/escalier\/","url":"https:\/\/wud.construction\/index.php\/escalier\/","name":"Escalier -","isPartOf":{"@id":"https:\/\/wud.construction\/#website"},"primaryImageOfPage":{"@id":"https:\/\/wud.construction\/index.php\/escalier\/#primaryimage"},"image":{"@id":"https:\/\/wud.construction\/index.php\/escalier\/#primaryimage"},"thumbnailUrl":"https:\/\/wud.construction\/wp-content\/uploads\/2025\/01\/Snapchat-2077064723.jpg","datePublished":"2025-01-18T17:41:02+00:00","dateModified":"2025-01-18T17:41:03+00:00","breadcrumb":{"@id":"https:\/\/wud.construction\/index.php\/escalier\/#breadcrumb"},"inLanguage":"en-US","potentialAction":[{"@type":"ReadAction","target":["https:\/\/wud.construction\/index.php\/escalier\/"]}]},{"@type":"ImageObject","inLanguage":"en-US","@id":"https:\/\/wud.construction\/index.php\/escalier\/#primaryimage","url":"https:\/\/wud.construction\/wp-content\/uploads\/2025\/01\/Snapchat-2077064723.jpg","contentUrl":"https:\/\/wud.construction\/wp-content\/uploads\/2025\/01\/Snapchat-2077064723.jpg","width":1656,"height":2208,"caption":"Escalier en bois"},{"@type":"BreadcrumbList","@id":"https:\/\/wud.construction\/index.php\/escalier\/#breadcrumb","itemListElement":[{"@type":"ListItem","position":1,"name":"Accueil","item":"https:\/\/wud.construction\/"},{"@type":"ListItem","position":2,"name":"Escalier"}]},{"@type":"WebSite","@id":"https:\/\/wud.construction\/#website","url":"https:\/\/wud.construction\/","name":"WUD - Am\u00e9nagements bois","description":"","publisher":{"@id":"https:\/\/wud.construction\/#organization"},"potentialAction":[{"@type":"SearchAction","target":{"@type":"EntryPoint","urlTemplate":"https:\/\/wud.construction\/?s={search_term_string}"},"query-input":{"@type":"PropertyValueSpecification","valueRequired":true,"valueName":"search_term_string"}}],"inLanguage":"en-US"},{"@type":"Organization","@id":"https:\/\/wud.construction\/#organization","name":"WUD","url":"https:\/\/wud.construction\/","logo":{"@type":"ImageObject","inLanguage":"en-US","@id":"https:\/\/wud.construction\/#\/schema\/logo\/image\/","url":"https:\/\/wud.construction\/wp-content\/uploads\/2023\/09\/cropped-AVATAR_LOGO_WUD_RS.jpg","contentUrl":"https:\/\/wud.construction\/wp-content\/uploads\/2023\/09\/cropped-AVATAR_LOGO_WUD_RS.jpg","width":512,"height":512,"caption":"WUD"},"image":{"@id":"https:\/\/wud.construction\/#\/schema\/logo\/image\/"},"sameAs":["https:\/\/www.instagram.com\/wud.construction\/"]}]}},"_links":{"self":[{"href":"https:\/\/wud.construction\/index.php\/wp-json\/wp\/v2\/pages\/325","targetHints":{"allow":["GET"]}}],"collection":[{"href":"https:\/\/wud.construction\/index.php\/wp-json\/wp\/v2\/pages"}],"about":[{"href":"https:\/\/wud.construction\/index.php\/wp-json\/wp\/v2\/types\/page"}],"author":[{"embeddable":true,"href":"https:\/\/wud.construction\/index.php\/wp-json\/wp\/v2\/users\/1"}],"replies":[{"embeddable":true,"href":"https:\/\/wud.construction\/index.php\/wp-json\/wp\/v2\/comments?post=325"}],"version-history":[{"count":2,"href":"https:\/\/wud.construction\/index.php\/wp-json\/wp\/v2\/pages\/325\/revisions"}],"predecessor-version":[{"id":327,"href":"https:\/\/wud.construction\/index.php\/wp-json\/wp\/v2\/pages\/325\/revisions\/327"}],"wp:featuredmedia":[{"embeddable":true,"href":"https:\/\/wud.construction\/index.php\/wp-json\/wp\/v2\/media\/302"}],"wp:attachment":[{"href":"https:\/\/wud.construction\/index.php\/wp-json\/wp\/v2\/media?parent=325"}],"curies":[{"name":"wp","href":"https:\/\/api.w.org\/{rel}","templated":true}]}}