{"id":330,"date":"2025-01-18T18:53:55","date_gmt":"2025-01-18T17:53:55","guid":{"rendered":"https:\/\/wud.construction\/?page_id=330"},"modified":"2025-01-23T09:37:31","modified_gmt":"2025-01-23T08:37:31","slug":"bardage","status":"publish","type":"page","link":"https:\/\/wud.construction\/index.php\/bardage\/","title":{"rendered":"Bardage"},"content":{"rendered":"\n<p><strong>Le bardage en bois : l&#8217;\u00e9l\u00e9gance naturelle pour habiller vos ext\u00e9rieurs<\/strong><\/p>\n\n\n\n<p>Le bardage en bois est une solution id\u00e9ale pour apporter du cachet et de la personnalit\u00e9 \u00e0 votre fa\u00e7ade. V\u00e9ritable v\u00eatement de protection pour votre maison, il allie esth\u00e9tisme, robustesse et \u00e9cologie. En plus de sa fonction de protection contre les intemp\u00e9ries, le bardage en bois cr\u00e9e une ambiance chaleureuse et authentique, transformant vos murs ext\u00e9rieurs en un v\u00e9ritable \u00e9l\u00e9ment de design.<\/p>\n\n\n\n<p>Disponible dans une large gamme de finitions et de couleurs, le bardage en bois s\u2019adapte \u00e0 tous les styles architecturaux, du plus traditionnel au plus contemporain. Que ce soit pour une r\u00e9novation ou une construction neuve, il permet de personnaliser chaque projet selon vos go\u00fbts tout en respectant l\u2019environnement gr\u00e2ce \u00e0 des mat\u00e9riaux durables.<\/p>\n\n\n\n<p>Le bois est \u00e9galement un excellent isolant naturel, contribuant \u00e0 am\u00e9liorer les performances thermiques et acoustiques de votre habitation. Gr\u00e2ce \u00e0 ses qualit\u00e9s esth\u00e9tiques et pratiques, le bardage en bois vous offre une solution durable et \u00e9l\u00e9gante pour sublimer l&#8217;ext\u00e9rieur de votre maison tout en b\u00e9n\u00e9ficiant d&#8217;une protection efficace.<\/p>\n\n\n\n<p>Optez pour un bardage en bois et apportez une touche unique \u00e0 votre ext\u00e9rieur, alliant confort, design et respect de la nature. Votre maison n\u2019aura jamais \u00e9t\u00e9 aussi belle et bien prot\u00e9g\u00e9e !<\/p>\n\n\n\n<p class=\"has-text-align-center\"><div class=\"rl-gallery-container rl-loading\" id=\"rl-gallery-container-1\" data-gallery_id=\"341\"> <div class=\"rl-gallery rl-basicgrid-gallery \" id=\"rl-gallery-1\" data-gallery_no=\"1\"> <div class=\"rl-gallery-item\"><a href=\"https:\/\/wud.construction\/wp-content\/uploads\/2025\/07\/20250522_172403.jpg\" title=\"\" data-rl_title=\"\" class=\"rl-gallery-link\" data-rl_caption=\"\" data-rel=\"lightbox-gallery-1\"><img decoding=\"async\" src=\"https:\/\/wud.construction\/wp-content\/uploads\/2025\/07\/20250522_172403-225x300.jpg\" width=\"225\" height=\"300\" alt=\"Bardage\" \/><\/a><\/div><div class=\"rl-gallery-item\"><a href=\"https:\/\/wud.construction\/wp-content\/uploads\/2025\/07\/20250605_184017.jpg\" title=\"\" data-rl_title=\"\" class=\"rl-gallery-link\" data-rl_caption=\"\" data-rel=\"lightbox-gallery-1\"><img decoding=\"async\" src=\"https:\/\/wud.construction\/wp-content\/uploads\/2025\/07\/20250605_184017-225x300.jpg\" width=\"225\" height=\"300\" alt=\"Bardage en garapa\" \/><\/a><\/div><div class=\"rl-gallery-item\"><a href=\"https:\/\/wud.construction\/wp-content\/uploads\/2025\/01\/20240607_155629-1-scaled.jpg\" title=\"\" data-rl_title=\"\" class=\"rl-gallery-link\" data-rl_caption=\"\" data-rel=\"lightbox-gallery-1\"><img decoding=\"async\" src=\"https:\/\/wud.construction\/wp-content\/uploads\/2025\/01\/20240607_155629-1-225x300.jpg\" width=\"225\" height=\"300\" alt=\"Palissade en bois\" \/><\/a><\/div><div class=\"rl-gallery-item\"><a href=\"https:\/\/wud.construction\/wp-content\/uploads\/2025\/01\/20230626_155143.jpg\" title=\"\" data-rl_title=\"\" class=\"rl-gallery-link\" data-rl_caption=\"\" data-rel=\"lightbox-gallery-1\"><img decoding=\"async\" src=\"https:\/\/wud.construction\/wp-content\/uploads\/2025\/01\/20230626_155143-224x300.jpg\" width=\"224\" height=\"300\" alt=\"Bardage en bois\" \/><\/a><\/div><div class=\"rl-gallery-item\"><a href=\"https:\/\/wud.construction\/wp-content\/uploads\/2025\/01\/IMG-20230904-WA0001.jpg\" title=\"\" data-rl_title=\"\" class=\"rl-gallery-link\" data-rl_caption=\"\" data-rel=\"lightbox-gallery-1\"><img decoding=\"async\" src=\"https:\/\/wud.construction\/wp-content\/uploads\/2025\/01\/IMG-20230904-WA0001-300x225.jpg\" width=\"300\" height=\"225\" alt=\"Bardage\" \/><\/a><\/div><div class=\"rl-gallery-item\"><a href=\"https:\/\/wud.construction\/wp-content\/uploads\/2025\/01\/20230624_092756.jpg\" title=\"\" data-rl_title=\"\" class=\"rl-gallery-link\" data-rl_caption=\"\" data-rel=\"lightbox-gallery-1\"><img decoding=\"async\" src=\"https:\/\/wud.construction\/wp-content\/uploads\/2025\/01\/20230624_092756-224x300.jpg\" width=\"224\" height=\"300\" alt=\"Portail en bois\" \/><\/a><\/div><div class=\"rl-gallery-item\"><a href=\"https:\/\/wud.construction\/wp-content\/uploads\/2025\/01\/20230518_152158.jpg\" title=\"\" data-rl_title=\"\" class=\"rl-gallery-link\" data-rl_caption=\"\" data-rel=\"lightbox-gallery-1\"><img decoding=\"async\" src=\"https:\/\/wud.construction\/wp-content\/uploads\/2025\/01\/20230518_152158-224x300.jpg\" width=\"224\" height=\"300\" alt=\"Abri de jardin\" \/><\/a><\/div> <\/div> <\/div><\/p>\n\n\n\n<p><\/p>\n","protected":false},"excerpt":{"rendered":"<p>Le bardage en bois : l&#8217;\u00e9l\u00e9gance naturelle pour habiller vos ext\u00e9rieurs Le bardage en bois est une solution id\u00e9ale pour apporter du cachet et de la personnalit\u00e9 \u00e0 votre fa\u00e7ade. V\u00e9ritable v\u00eatement de protection pour votre maison, il allie esth\u00e9tisme, robustesse et \u00e9cologie. En plus de sa fonction de protection contre les intemp\u00e9ries, le bardage &hellip; <\/p>\n<p class=\"link-more\"><a href=\"https:\/\/wud.construction\/index.php\/bardage\/\" class=\"more-link\">Continue reading<span class=\"screen-reader-text\"> &#8220;Bardage&#8221;<\/span><\/a><\/p>\n","protected":false},"author":1,"featured_media":369,"parent":0,"menu_order":0,"comment_status":"closed","ping_status":"closed","template":"","meta":{"footnotes":""},"class_list":["post-330","page","type-page","status-publish","has-post-thumbnail","hentry"],"yoast_head":"<!-- This site is optimized with the Yoast SEO plugin v27.4 - https:\/\/yoast.com\/product\/yoast-seo-wordpress\/ -->\n<title>Bardage -<\/title>\n<meta name=\"robots\" content=\"index, follow, max-snippet:-1, max-image-preview:large, max-video-preview:-1\" \/>\n<link rel=\"canonical\" href=\"https:\/\/wud.construction\/index.php\/bardage\/\" \/>\n<meta property=\"og:locale\" content=\"en_US\" \/>\n<meta property=\"og:type\" content=\"article\" \/>\n<meta property=\"og:title\" content=\"Bardage -\" \/>\n<meta property=\"og:description\" content=\"Le bardage en bois : l&#8217;\u00e9l\u00e9gance naturelle pour habiller vos ext\u00e9rieurs Le bardage en bois est une solution id\u00e9ale pour apporter du cachet et de la personnalit\u00e9 \u00e0 votre fa\u00e7ade. V\u00e9ritable v\u00eatement de protection pour votre maison, il allie esth\u00e9tisme, robustesse et \u00e9cologie. En plus de sa fonction de protection contre les intemp\u00e9ries, le bardage &hellip; Continue reading &quot;Bardage&quot;\" \/>\n<meta property=\"og:url\" content=\"https:\/\/wud.construction\/index.php\/bardage\/\" \/>\n<meta property=\"article:modified_time\" content=\"2025-01-23T08:37:31+00:00\" \/>\n<meta name=\"twitter:card\" content=\"summary_large_image\" \/>\n<meta name=\"twitter:label1\" content=\"Est. reading time\" \/>\n\t<meta name=\"twitter:data1\" content=\"1 minute\" \/>\n<script type=\"application\/ld+json\" class=\"yoast-schema-graph\">{\"@context\":\"https:\\\/\\\/schema.org\",\"@graph\":[{\"@type\":\"WebPage\",\"@id\":\"https:\\\/\\\/wud.construction\\\/index.php\\\/bardage\\\/\",\"url\":\"https:\\\/\\\/wud.construction\\\/index.php\\\/bardage\\\/\",\"name\":\"Bardage -\",\"isPartOf\":{\"@id\":\"https:\\\/\\\/wud.construction\\\/#website\"},\"primaryImageOfPage\":{\"@id\":\"https:\\\/\\\/wud.construction\\\/index.php\\\/bardage\\\/#primaryimage\"},\"image\":{\"@id\":\"https:\\\/\\\/wud.construction\\\/index.php\\\/bardage\\\/#primaryimage\"},\"thumbnailUrl\":\"https:\\\/\\\/wud.construction\\\/wp-content\\\/uploads\\\/2025\\\/01\\\/20240607_155629-1-scaled.jpg\",\"datePublished\":\"2025-01-18T17:53:55+00:00\",\"dateModified\":\"2025-01-23T08:37:31+00:00\",\"breadcrumb\":{\"@id\":\"https:\\\/\\\/wud.construction\\\/index.php\\\/bardage\\\/#breadcrumb\"},\"inLanguage\":\"en-US\",\"potentialAction\":[{\"@type\":\"ReadAction\",\"target\":[\"https:\\\/\\\/wud.construction\\\/index.php\\\/bardage\\\/\"]}]},{\"@type\":\"ImageObject\",\"inLanguage\":\"en-US\",\"@id\":\"https:\\\/\\\/wud.construction\\\/index.php\\\/bardage\\\/#primaryimage\",\"url\":\"https:\\\/\\\/wud.construction\\\/wp-content\\\/uploads\\\/2025\\\/01\\\/20240607_155629-1-scaled.jpg\",\"contentUrl\":\"https:\\\/\\\/wud.construction\\\/wp-content\\\/uploads\\\/2025\\\/01\\\/20240607_155629-1-scaled.jpg\",\"width\":1920,\"height\":2560,\"caption\":\"Palissade en ip\u00e9 sur l'\u00eele de Cavallo\"},{\"@type\":\"BreadcrumbList\",\"@id\":\"https:\\\/\\\/wud.construction\\\/index.php\\\/bardage\\\/#breadcrumb\",\"itemListElement\":[{\"@type\":\"ListItem\",\"position\":1,\"name\":\"Accueil\",\"item\":\"https:\\\/\\\/wud.construction\\\/\"},{\"@type\":\"ListItem\",\"position\":2,\"name\":\"Bardage\"}]},{\"@type\":\"WebSite\",\"@id\":\"https:\\\/\\\/wud.construction\\\/#website\",\"url\":\"https:\\\/\\\/wud.construction\\\/\",\"name\":\"WUD - Am\u00e9nagements bois\",\"description\":\"\",\"publisher\":{\"@id\":\"https:\\\/\\\/wud.construction\\\/#organization\"},\"potentialAction\":[{\"@type\":\"SearchAction\",\"target\":{\"@type\":\"EntryPoint\",\"urlTemplate\":\"https:\\\/\\\/wud.construction\\\/?s={search_term_string}\"},\"query-input\":{\"@type\":\"PropertyValueSpecification\",\"valueRequired\":true,\"valueName\":\"search_term_string\"}}],\"inLanguage\":\"en-US\"},{\"@type\":\"Organization\",\"@id\":\"https:\\\/\\\/wud.construction\\\/#organization\",\"name\":\"WUD\",\"url\":\"https:\\\/\\\/wud.construction\\\/\",\"logo\":{\"@type\":\"ImageObject\",\"inLanguage\":\"en-US\",\"@id\":\"https:\\\/\\\/wud.construction\\\/#\\\/schema\\\/logo\\\/image\\\/\",\"url\":\"https:\\\/\\\/wud.construction\\\/wp-content\\\/uploads\\\/2023\\\/09\\\/cropped-AVATAR_LOGO_WUD_RS.jpg\",\"contentUrl\":\"https:\\\/\\\/wud.construction\\\/wp-content\\\/uploads\\\/2023\\\/09\\\/cropped-AVATAR_LOGO_WUD_RS.jpg\",\"width\":512,\"height\":512,\"caption\":\"WUD\"},\"image\":{\"@id\":\"https:\\\/\\\/wud.construction\\\/#\\\/schema\\\/logo\\\/image\\\/\"},\"sameAs\":[\"https:\\\/\\\/www.instagram.com\\\/wud.construction\\\/\"]}]}<\/script>\n<!-- \/ Yoast SEO plugin. -->","yoast_head_json":{"title":"Bardage -","robots":{"index":"index","follow":"follow","max-snippet":"max-snippet:-1","max-image-preview":"max-image-preview:large","max-video-preview":"max-video-preview:-1"},"canonical":"https:\/\/wud.construction\/index.php\/bardage\/","og_locale":"en_US","og_type":"article","og_title":"Bardage -","og_description":"Le bardage en bois : l&#8217;\u00e9l\u00e9gance naturelle pour habiller vos ext\u00e9rieurs Le bardage en bois est une solution id\u00e9ale pour apporter du cachet et de la personnalit\u00e9 \u00e0 votre fa\u00e7ade. V\u00e9ritable v\u00eatement de protection pour votre maison, il allie esth\u00e9tisme, robustesse et \u00e9cologie. En plus de sa fonction de protection contre les intemp\u00e9ries, le bardage &hellip; Continue reading \"Bardage\"","og_url":"https:\/\/wud.construction\/index.php\/bardage\/","article_modified_time":"2025-01-23T08:37:31+00:00","twitter_card":"summary_large_image","twitter_misc":{"Est. reading time":"1 minute"},"schema":{"@context":"https:\/\/schema.org","@graph":[{"@type":"WebPage","@id":"https:\/\/wud.construction\/index.php\/bardage\/","url":"https:\/\/wud.construction\/index.php\/bardage\/","name":"Bardage -","isPartOf":{"@id":"https:\/\/wud.construction\/#website"},"primaryImageOfPage":{"@id":"https:\/\/wud.construction\/index.php\/bardage\/#primaryimage"},"image":{"@id":"https:\/\/wud.construction\/index.php\/bardage\/#primaryimage"},"thumbnailUrl":"https:\/\/wud.construction\/wp-content\/uploads\/2025\/01\/20240607_155629-1-scaled.jpg","datePublished":"2025-01-18T17:53:55+00:00","dateModified":"2025-01-23T08:37:31+00:00","breadcrumb":{"@id":"https:\/\/wud.construction\/index.php\/bardage\/#breadcrumb"},"inLanguage":"en-US","potentialAction":[{"@type":"ReadAction","target":["https:\/\/wud.construction\/index.php\/bardage\/"]}]},{"@type":"ImageObject","inLanguage":"en-US","@id":"https:\/\/wud.construction\/index.php\/bardage\/#primaryimage","url":"https:\/\/wud.construction\/wp-content\/uploads\/2025\/01\/20240607_155629-1-scaled.jpg","contentUrl":"https:\/\/wud.construction\/wp-content\/uploads\/2025\/01\/20240607_155629-1-scaled.jpg","width":1920,"height":2560,"caption":"Palissade en ip\u00e9 sur l'\u00eele de Cavallo"},{"@type":"BreadcrumbList","@id":"https:\/\/wud.construction\/index.php\/bardage\/#breadcrumb","itemListElement":[{"@type":"ListItem","position":1,"name":"Accueil","item":"https:\/\/wud.construction\/"},{"@type":"ListItem","position":2,"name":"Bardage"}]},{"@type":"WebSite","@id":"https:\/\/wud.construction\/#website","url":"https:\/\/wud.construction\/","name":"WUD - Am\u00e9nagements bois","description":"","publisher":{"@id":"https:\/\/wud.construction\/#organization"},"potentialAction":[{"@type":"SearchAction","target":{"@type":"EntryPoint","urlTemplate":"https:\/\/wud.construction\/?s={search_term_string}"},"query-input":{"@type":"PropertyValueSpecification","valueRequired":true,"valueName":"search_term_string"}}],"inLanguage":"en-US"},{"@type":"Organization","@id":"https:\/\/wud.construction\/#organization","name":"WUD","url":"https:\/\/wud.construction\/","logo":{"@type":"ImageObject","inLanguage":"en-US","@id":"https:\/\/wud.construction\/#\/schema\/logo\/image\/","url":"https:\/\/wud.construction\/wp-content\/uploads\/2023\/09\/cropped-AVATAR_LOGO_WUD_RS.jpg","contentUrl":"https:\/\/wud.construction\/wp-content\/uploads\/2023\/09\/cropped-AVATAR_LOGO_WUD_RS.jpg","width":512,"height":512,"caption":"WUD"},"image":{"@id":"https:\/\/wud.construction\/#\/schema\/logo\/image\/"},"sameAs":["https:\/\/www.instagram.com\/wud.construction\/"]}]}},"_links":{"self":[{"href":"https:\/\/wud.construction\/index.php\/wp-json\/wp\/v2\/pages\/330","targetHints":{"allow":["GET"]}}],"collection":[{"href":"https:\/\/wud.construction\/index.php\/wp-json\/wp\/v2\/pages"}],"about":[{"href":"https:\/\/wud.construction\/index.php\/wp-json\/wp\/v2\/types\/page"}],"author":[{"embeddable":true,"href":"https:\/\/wud.construction\/index.php\/wp-json\/wp\/v2\/users\/1"}],"replies":[{"embeddable":true,"href":"https:\/\/wud.construction\/index.php\/wp-json\/wp\/v2\/comments?post=330"}],"version-history":[{"count":3,"href":"https:\/\/wud.construction\/index.php\/wp-json\/wp\/v2\/pages\/330\/revisions"}],"predecessor-version":[{"id":342,"href":"https:\/\/wud.construction\/index.php\/wp-json\/wp\/v2\/pages\/330\/revisions\/342"}],"wp:featuredmedia":[{"embeddable":true,"href":"https:\/\/wud.construction\/index.php\/wp-json\/wp\/v2\/media\/369"}],"wp:attachment":[{"href":"https:\/\/wud.construction\/index.php\/wp-json\/wp\/v2\/media?parent=330"}],"curies":[{"name":"wp","href":"https:\/\/api.w.org\/{rel}","templated":true}]}}